{"id":11,"date":"2023-11-22T16:57:07","date_gmt":"2023-11-22T15:57:07","guid":{"rendered":"https:\/\/karlsruhe.wordcamp.org\/2024\/location\/"},"modified":"2024-07-15T11:47:28","modified_gmt":"2024-07-15T09:47:28","slug":"location","status":"publish","type":"page","link":"https:\/\/karlsruhe.wordcamp.org\/2024\/location\/","title":{"rendered":"Location"},"content":{"rendered":"\n<p class=\"wp-block-paragraph\">Das alte Heizkraftwerk des Hauptbahnhofs in Karlsruhe erinnert stark an eine Kirche, aufgrund seiner Maschinenhalle mit dem markanten Rundbogenfenster. Das Geb\u00e4ude stammt aus den 1920er Jahren und wurde vor einiger Zeit zu einem neuen Betriebsrestaurant der United Internet Gruppe umgebaut, das bereits t\u00e4glich von hunderten Mitarbeitern genutzt wird.<\/p>\n\n\n\n<figure class=\"wp-block-gallery has-nested-images columns-default is-cropped galerie_margin_fix wp-block-gallery-1 is-layout-flex wp-block-gallery-is-layout-flex\">\n<figure class=\"wp-block-image size-large\"><a href=\"https:\/\/karlsruhe.wordcamp.org\/2024\/files\/2024\/06\/wordcamp_karlsruhe_2024_06.jpg\"><img loading=\"lazy\" decoding=\"async\" width=\"1024\" height=\"683\" data-id=\"2144\" src=\"https:\/\/karlsruhe.wordcamp.org\/2024\/files\/2024\/06\/wordcamp_karlsruhe_2024_06-1024x683.jpg\" alt=\"WordCamp Karlsruhe 2024 - Raum mit St\u00fchlen und Tischen\" class=\"wp-image-2144\" srcset=\"https:\/\/karlsruhe.wordcamp.org\/2024\/files\/2024\/06\/wordcamp_karlsruhe_2024_06-1024x683.jpg 1024w, https:\/\/karlsruhe.wordcamp.org\/2024\/files\/2024\/06\/wordcamp_karlsruhe_2024_06-300x200.jpg 300w, https:\/\/karlsruhe.wordcamp.org\/2024\/files\/2024\/06\/wordcamp_karlsruhe_2024_06-768x512.jpg 768w, https:\/\/karlsruhe.wordcamp.org\/2024\/files\/2024\/06\/wordcamp_karlsruhe_2024_06-450x300.jpg 450w, https:\/\/karlsruhe.wordcamp.org\/2024\/files\/2024\/06\/wordcamp_karlsruhe_2024_06-1536x1024.jpg 1536w, https:\/\/karlsruhe.wordcamp.org\/2024\/files\/2024\/06\/wordcamp_karlsruhe_2024_06.jpg 1920w\" sizes=\"auto, (max-width: 1024px) 100vw, 1024px\" \/><\/a><\/figure>\n\n\n\n<figure class=\"wp-block-image size-large\"><a href=\"https:\/\/karlsruhe.wordcamp.org\/2024\/files\/2024\/06\/wordcamp_karlsruhe_2024_05.jpg\"><img loading=\"lazy\" decoding=\"async\" width=\"1024\" height=\"683\" data-id=\"2143\" src=\"https:\/\/karlsruhe.wordcamp.org\/2024\/files\/2024\/06\/wordcamp_karlsruhe_2024_05-1024x683.jpg\" alt=\"WordCamp Karlsruhe 2024 - Raum mit St\u00fchlen und Tischen\" class=\"wp-image-2143\" srcset=\"https:\/\/karlsruhe.wordcamp.org\/2024\/files\/2024\/06\/wordcamp_karlsruhe_2024_05-1024x683.jpg 1024w, https:\/\/karlsruhe.wordcamp.org\/2024\/files\/2024\/06\/wordcamp_karlsruhe_2024_05-300x200.jpg 300w, https:\/\/karlsruhe.wordcamp.org\/2024\/files\/2024\/06\/wordcamp_karlsruhe_2024_05-768x512.jpg 768w, https:\/\/karlsruhe.wordcamp.org\/2024\/files\/2024\/06\/wordcamp_karlsruhe_2024_05-450x300.jpg 450w, https:\/\/karlsruhe.wordcamp.org\/2024\/files\/2024\/06\/wordcamp_karlsruhe_2024_05-1536x1024.jpg 1536w, https:\/\/karlsruhe.wordcamp.org\/2024\/files\/2024\/06\/wordcamp_karlsruhe_2024_05.jpg 1920w\" sizes=\"auto, (max-width: 1024px) 100vw, 1024px\" \/><\/a><\/figure>\n\n\n\n<figure class=\"wp-block-image size-large\"><a href=\"https:\/\/karlsruhe.wordcamp.org\/2024\/files\/2024\/06\/wordcamp_karlsruhe_2024_04.jpg\"><img loading=\"lazy\" decoding=\"async\" width=\"1024\" height=\"683\" data-id=\"2142\" src=\"https:\/\/karlsruhe.wordcamp.org\/2024\/files\/2024\/06\/wordcamp_karlsruhe_2024_04-1024x683.jpg\" alt=\"WordCamp Karlsruhe 2024 - Raum mit St\u00fchlen und Tischen\" class=\"wp-image-2142\" srcset=\"https:\/\/karlsruhe.wordcamp.org\/2024\/files\/2024\/06\/wordcamp_karlsruhe_2024_04-1024x683.jpg 1024w, https:\/\/karlsruhe.wordcamp.org\/2024\/files\/2024\/06\/wordcamp_karlsruhe_2024_04-300x200.jpg 300w, https:\/\/karlsruhe.wordcamp.org\/2024\/files\/2024\/06\/wordcamp_karlsruhe_2024_04-768x512.jpg 768w, https:\/\/karlsruhe.wordcamp.org\/2024\/files\/2024\/06\/wordcamp_karlsruhe_2024_04-450x300.jpg 450w, https:\/\/karlsruhe.wordcamp.org\/2024\/files\/2024\/06\/wordcamp_karlsruhe_2024_04-1536x1024.jpg 1536w, https:\/\/karlsruhe.wordcamp.org\/2024\/files\/2024\/06\/wordcamp_karlsruhe_2024_04.jpg 1920w\" sizes=\"auto, (max-width: 1024px) 100vw, 1024px\" \/><\/a><\/figure>\n\n\n\n<figure class=\"wp-block-image size-large\"><a href=\"https:\/\/karlsruhe.wordcamp.org\/2024\/files\/2024\/06\/wordcamp_karlsruhe_2024_03.jpg\"><img loading=\"lazy\" decoding=\"async\" width=\"1024\" height=\"683\" data-id=\"2141\" src=\"https:\/\/karlsruhe.wordcamp.org\/2024\/files\/2024\/06\/wordcamp_karlsruhe_2024_03-1024x683.jpg\" alt=\"WordCamp Karlsruhe 2024 - Raum mit St\u00fchlen und Tischen\" class=\"wp-image-2141\" srcset=\"https:\/\/karlsruhe.wordcamp.org\/2024\/files\/2024\/06\/wordcamp_karlsruhe_2024_03-1024x683.jpg 1024w, https:\/\/karlsruhe.wordcamp.org\/2024\/files\/2024\/06\/wordcamp_karlsruhe_2024_03-300x200.jpg 300w, https:\/\/karlsruhe.wordcamp.org\/2024\/files\/2024\/06\/wordcamp_karlsruhe_2024_03-768x512.jpg 768w, https:\/\/karlsruhe.wordcamp.org\/2024\/files\/2024\/06\/wordcamp_karlsruhe_2024_03-450x300.jpg 450w, https:\/\/karlsruhe.wordcamp.org\/2024\/files\/2024\/06\/wordcamp_karlsruhe_2024_03-1536x1024.jpg 1536w, https:\/\/karlsruhe.wordcamp.org\/2024\/files\/2024\/06\/wordcamp_karlsruhe_2024_03.jpg 1920w\" sizes=\"auto, (max-width: 1024px) 100vw, 1024px\" \/><\/a><\/figure>\n\n\n\n<figure class=\"wp-block-image size-large\"><a href=\"https:\/\/karlsruhe.wordcamp.org\/2024\/files\/2024\/06\/wordcamp_karlsruhe_2024_02.jpg\"><img loading=\"lazy\" decoding=\"async\" width=\"1024\" height=\"683\" data-id=\"2140\" src=\"https:\/\/karlsruhe.wordcamp.org\/2024\/files\/2024\/06\/wordcamp_karlsruhe_2024_02-1024x683.jpg\" alt=\"WordCamp Karlsruhe 2024 - Raum mit St\u00fchlen und Tischen\" class=\"wp-image-2140\" srcset=\"https:\/\/karlsruhe.wordcamp.org\/2024\/files\/2024\/06\/wordcamp_karlsruhe_2024_02-1024x683.jpg 1024w, https:\/\/karlsruhe.wordcamp.org\/2024\/files\/2024\/06\/wordcamp_karlsruhe_2024_02-300x200.jpg 300w, https:\/\/karlsruhe.wordcamp.org\/2024\/files\/2024\/06\/wordcamp_karlsruhe_2024_02-768x512.jpg 768w, https:\/\/karlsruhe.wordcamp.org\/2024\/files\/2024\/06\/wordcamp_karlsruhe_2024_02-450x300.jpg 450w, https:\/\/karlsruhe.wordcamp.org\/2024\/files\/2024\/06\/wordcamp_karlsruhe_2024_02-1536x1024.jpg 1536w, https:\/\/karlsruhe.wordcamp.org\/2024\/files\/2024\/06\/wordcamp_karlsruhe_2024_02.jpg 1920w\" sizes=\"auto, (max-width: 1024px) 100vw, 1024px\" \/><\/a><\/figure>\n\n\n\n<figure class=\"wp-block-image size-large\"><a href=\"https:\/\/karlsruhe.wordcamp.org\/2024\/files\/2024\/06\/wordcamp_karlsruhe_2024_07.jpg\"><img loading=\"lazy\" decoding=\"async\" width=\"1024\" height=\"683\" data-id=\"2138\" src=\"https:\/\/karlsruhe.wordcamp.org\/2024\/files\/2024\/06\/wordcamp_karlsruhe_2024_07-1024x683.jpg\" alt=\"\" class=\"wp-image-2138\" srcset=\"https:\/\/karlsruhe.wordcamp.org\/2024\/files\/2024\/06\/wordcamp_karlsruhe_2024_07-1024x683.jpg 1024w, https:\/\/karlsruhe.wordcamp.org\/2024\/files\/2024\/06\/wordcamp_karlsruhe_2024_07-300x200.jpg 300w, https:\/\/karlsruhe.wordcamp.org\/2024\/files\/2024\/06\/wordcamp_karlsruhe_2024_07-768x512.jpg 768w, https:\/\/karlsruhe.wordcamp.org\/2024\/files\/2024\/06\/wordcamp_karlsruhe_2024_07-450x300.jpg 450w, https:\/\/karlsruhe.wordcamp.org\/2024\/files\/2024\/06\/wordcamp_karlsruhe_2024_07-1536x1024.jpg 1536w, https:\/\/karlsruhe.wordcamp.org\/2024\/files\/2024\/06\/wordcamp_karlsruhe_2024_07.jpg 1920w\" sizes=\"auto, (max-width: 1024px) 100vw, 1024px\" \/><\/a><\/figure>\n<\/figure>\n\n\n\n<p class=\"wp-block-paragraph\">Dieser Umbau stellt eine innovative Nutzung eines historischen Geb\u00e4udes dar, das nicht nur die Geschichte des Standorts bewahrt, sondern auch wieder einen praktischen Zweck erf\u00fcllt. Auf diese Weise wurde diesem architektonischen Juwel aus dem fr\u00fchen 20. Jahrhundert neues Leben eingehaucht.<\/p>\n\n\n\n<div class=\"wp-block-group has-global-padding is-layout-constrained wp-block-group-is-layout-constrained\">\n<figure class=\"wp-block-gallery has-nested-images columns-default is-cropped galerie_margin_fix wp-block-gallery-2 is-layout-flex wp-block-gallery-is-layout-flex\">\n<figure class=\"wp-block-image size-large\"><a href=\"https:\/\/karlsruhe.wordcamp.org\/2024\/files\/2024\/06\/wordcamp_karlsruhe_2024_01.jpg\"><img loading=\"lazy\" decoding=\"async\" width=\"1024\" height=\"683\" data-id=\"2139\" src=\"https:\/\/karlsruhe.wordcamp.org\/2024\/files\/2024\/06\/wordcamp_karlsruhe_2024_01-1024x683.jpg\" alt=\"WordCamp Karlsruhe 2024 - Geb\u00e4ude\" class=\"wp-image-2139\" srcset=\"https:\/\/karlsruhe.wordcamp.org\/2024\/files\/2024\/06\/wordcamp_karlsruhe_2024_01-1024x683.jpg 1024w, https:\/\/karlsruhe.wordcamp.org\/2024\/files\/2024\/06\/wordcamp_karlsruhe_2024_01-300x200.jpg 300w, https:\/\/karlsruhe.wordcamp.org\/2024\/files\/2024\/06\/wordcamp_karlsruhe_2024_01-768x512.jpg 768w, https:\/\/karlsruhe.wordcamp.org\/2024\/files\/2024\/06\/wordcamp_karlsruhe_2024_01-450x300.jpg 450w, https:\/\/karlsruhe.wordcamp.org\/2024\/files\/2024\/06\/wordcamp_karlsruhe_2024_01-1536x1024.jpg 1536w, https:\/\/karlsruhe.wordcamp.org\/2024\/files\/2024\/06\/wordcamp_karlsruhe_2024_01.jpg 1920w\" sizes=\"auto, (max-width: 1024px) 100vw, 1024px\" \/><\/a><figcaption class=\"wp-element-caption\">WordCamp Karlsruhe 2024 &#8211; Geb\u00e4ude<\/figcaption><\/figure>\n<\/figure>\n\n\n\n<p class=\"wp-block-paragraph\">Wir freuen uns daher sehr, dass wir das erste WordCamp Karlsruhe am 12.10.2024 an diesem besonderen Ort in der <a href=\"https:\/\/maps.app.goo.gl\/egkREiwE1Hi2YNd17\" data-type=\"link\" data-id=\"https:\/\/maps.app.goo.gl\/N1nU6KBKniVaS1ui8\" target=\"_blank\" rel=\"noreferrer noopener\">Schwarzwaldstra\u00dfe 6, 76137 Karlsruhe<\/a>, stattfinden lassen d\u00fcrfen.<\/p>\n<\/div>\n","protected":false},"excerpt":{"rendered":"<p>Das alte Heizkraftwerk des Hauptbahnhofs in Karlsruhe erinnert stark an eine Kirche, aufgrund seiner Maschinenhalle mit dem markanten Rundbogenfenster. Das Geb\u00e4ude stammt aus den 1920er Jahren und wurde vor einiger Zeit zu einem neuen Betriebsrestaurant der United Internet Gruppe umgebaut, das bereits t\u00e4glich von hunderten Mitarbeitern genutzt wird. Dieser Umbau stellt eine innovative Nutzung eines [&hellip;]<\/p>\n","protected":false},"author":14745577,"featured_media":0,"parent":0,"menu_order":0,"comment_status":"closed","ping_status":"closed","template":"","meta":{"_crdt_document":"","footnotes":""},"class_list":["post-11","page","type-page","status-publish","hentry"],"jetpack_sharing_enabled":true,"_links":{"self":[{"href":"https:\/\/karlsruhe.wordcamp.org\/2024\/wp-json\/wp\/v2\/pages\/11","targetHints":{"allow":["GET"]}}],"collection":[{"href":"https:\/\/karlsruhe.wordcamp.org\/2024\/wp-json\/wp\/v2\/pages"}],"about":[{"href":"https:\/\/karlsruhe.wordcamp.org\/2024\/wp-json\/wp\/v2\/types\/page"}],"author":[{"embeddable":true,"href":"https:\/\/karlsruhe.wordcamp.org\/2024\/wp-json\/wp\/v2\/users\/14745577"}],"replies":[{"embeddable":true,"href":"https:\/\/karlsruhe.wordcamp.org\/2024\/wp-json\/wp\/v2\/comments?post=11"}],"version-history":[{"count":14,"href":"https:\/\/karlsruhe.wordcamp.org\/2024\/wp-json\/wp\/v2\/pages\/11\/revisions"}],"predecessor-version":[{"id":2381,"href":"https:\/\/karlsruhe.wordcamp.org\/2024\/wp-json\/wp\/v2\/pages\/11\/revisions\/2381"}],"wp:attachment":[{"href":"https:\/\/karlsruhe.wordcamp.org\/2024\/wp-json\/wp\/v2\/media?parent=11"}],"curies":[{"name":"wp","href":"https:\/\/api.w.org\/{rel}","templated":true}]}}