{"id":13,"date":"2024-07-09T11:47:49","date_gmt":"2024-07-09T09:47:49","guid":{"rendered":"https:\/\/karlsruhe.wordcamp.org\/2024\/?page_id=13"},"modified":"2024-10-11T10:35:18","modified_gmt":"2024-10-11T08:35:18","slug":"tickets","status":"publish","type":"page","link":"https:\/\/karlsruhe.wordcamp.org\/2024\/tickets\/","title":{"rendered":"Tickets"},"content":{"rendered":"\n<p class=\"wp-block-paragraph\">Wir k\u00f6nnen es kaum erwarten, dich beim ersten WordCamp Karlsruhe am 12.10.2024 (Einlass: 8:30, Ende: 17:00) im alten <a href=\"https:\/\/karlsruhe.wordcamp.org\/2024\/location\/\" data-type=\"page\" data-id=\"11\">Heizkraftwerk des Hauptbahnhofs<\/a> zu begr\u00fc\u00dfen. Damit alles rund l\u00e4uft, braucht ihr ein Ticket, welches euch dann Zugang zum gesamten WordCamp bietet.<\/p>\n\n\n\n<h2 class=\"wp-block-heading\"><strong>Sichere dir dein Ticket fr\u00fchzeitig<\/strong><\/h2>\n\n\n\n<p class=\"wp-block-paragraph\">Mit deinem Ticket f\u00fcr das WordCamp Karlsruhe erh\u00e4ltst du Zugang zu:<\/p>\n\n\n\n<ul class=\"wp-block-list\">\n<li>spannende Vortr\u00e4ge<\/li>\n\n\n\n<li>Mittagessen<\/li>\n\n\n\n<li>die M\u00f6glichkeit, mit unseren Sponsoren ins Gespr\u00e4ch zu kommen, die Plugins, Themes, Hosting, Sicherheitsl\u00f6sungen und vieles mehr anbieten<\/li>\n\n\n\n<li>zahlreiche Gelegenheiten, Mitglieder der WordPress-Community zu treffen und dich zu vernetzen<\/li>\n<\/ul>\n\n\n\n<p class=\"wp-block-paragraph\">Du m\u00f6chtest das WordCamp Karlsruhe weiter unterst\u00fctzen, aber nicht gleich ein Sponsoren-Paket kaufen? Dann entscheide dich f\u00fcr ein Microsponsoring-Ticket. Mit diesem tr\u00e4gst du die tats\u00e4chlichen Pro-Kopf-Kosten f\u00fcr deine Teilnahme und erm\u00f6glichst so Personen mit geringerem Einkommen den Zugang zu einem subventionierten Ticket.<\/p>\n\n\n\n<p class=\"wp-block-paragraph\" id=\"ticket\">Das WordCamp ist aktuell auf 120 Teilnehmer:innen (inkl. Organisator:innen, Sponsor:innen, Speaker:innen und Volunteers) ausgelegt. <a href=\"#ticket\">Also z\u00f6gere nicht und melde dich gleich an!<\/a><\/p>\n\n\n\n<p class=\"wp-block-paragraph\">Hinweis: F\u00fcr Speaker:innen und Volunteers sowie Sponsor:innen und Organisator:innen wurde bereits ein Ticketkontingent reserviert. Hierzu geht eine gesonderte Nachricht per E-Mail raus.<\/p>\n\n\n\n<p class=\"wp-block-paragraph\">Bitte beachte, dass die Tickets <strong>nicht storniert<\/strong> werden k\u00f6nnen. Sie sind jedoch \u00fcber einen personalisierten Link in der Best\u00e4tigungsmail <strong>\u00fcbertragbar<\/strong>.<\/p>\n\n\n\n<h2 class=\"wp-block-heading\"><strong>Ein wichtiger Hinweis zu Allergien<\/strong><\/h2>\n\n\n\n<p class=\"wp-block-paragraph\">Das WordCamp Karlsruhe nimmt jegliche Allergien sehr ernst. Auf dem Ticketformular findest du ein Optionsfeld f\u00fcr lebensbedrohliche Allergien. Wir gehen davon aus, dass du eine solche Allergie hast, wenn du mit dem Allergen in Kontakt kommst (egal ob du es gegessen, ber\u00fchrt oder eingeatmet hast) und sofort medizinische Hilfe ben\u00f6tigst.<\/p>\n\n\n\n<p class=\"wp-block-paragraph\">Wenn du eine solche Allergie hast, wollen wir davon wissen, um dich bestm\u00f6glich sch\u00fctzen zu k\u00f6nnen. Wenn du das K\u00e4stchen anklickst und deinen Kauf abschlie\u00dft, wird sich ein Mitglied des Organisationsteams mit dir in Verbindung setzen, um weitere Informationen zu erhalten.<\/p>\n\n\n\n<h2 class=\"wp-block-heading\"><strong>Tickets<\/strong><\/h2>\n\n\n<a href=\"https:\/\/karlsruhe.wordcamp.org\/2024\/tickets\/\">Bitte rufe diese Seite in einem Browser auf, um Tickets zu kaufen oder zu verwalten.<\/a>\n\n\n\n<p class=\"wp-block-paragraph\"><\/p>\n","protected":false},"excerpt":{"rendered":"<p>Wir k\u00f6nnen es kaum erwarten, dich beim ersten WordCamp Karlsruhe am 12.10.2024 (Einlass: 8:30, Ende: 17:00) im alten Heizkraftwerk des Hauptbahnhofs zu begr\u00fc\u00dfen. Damit alles rund l\u00e4uft, braucht ihr ein Ticket, welches euch dann Zugang zum gesamten WordCamp bietet. Sichere dir dein Ticket fr\u00fchzeitig Mit deinem Ticket f\u00fcr das WordCamp Karlsruhe erh\u00e4ltst du Zugang zu: [&hellip;]<\/p>\n","protected":false},"author":14745577,"featured_media":0,"parent":0,"menu_order":0,"comment_status":"closed","ping_status":"closed","template":"","meta":{"_crdt_document":"","footnotes":""},"class_list":["post-13","page","type-page","status-publish","hentry"],"jetpack_sharing_enabled":true,"_links":{"self":[{"href":"https:\/\/karlsruhe.wordcamp.org\/2024\/wp-json\/wp\/v2\/pages\/13","targetHints":{"allow":["GET"]}}],"collection":[{"href":"https:\/\/karlsruhe.wordcamp.org\/2024\/wp-json\/wp\/v2\/pages"}],"about":[{"href":"https:\/\/karlsruhe.wordcamp.org\/2024\/wp-json\/wp\/v2\/types\/page"}],"author":[{"embeddable":true,"href":"https:\/\/karlsruhe.wordcamp.org\/2024\/wp-json\/wp\/v2\/users\/14745577"}],"replies":[{"embeddable":true,"href":"https:\/\/karlsruhe.wordcamp.org\/2024\/wp-json\/wp\/v2\/comments?post=13"}],"version-history":[{"count":15,"href":"https:\/\/karlsruhe.wordcamp.org\/2024\/wp-json\/wp\/v2\/pages\/13\/revisions"}],"predecessor-version":[{"id":2619,"href":"https:\/\/karlsruhe.wordcamp.org\/2024\/wp-json\/wp\/v2\/pages\/13\/revisions\/2619"}],"wp:attachment":[{"href":"https:\/\/karlsruhe.wordcamp.org\/2024\/wp-json\/wp\/v2\/media?parent=13"}],"curies":[{"name":"wp","href":"https:\/\/api.w.org\/{rel}","templated":true}]}}