{"id":7,"date":"2023-11-22T16:57:07","date_gmt":"2023-11-22T15:57:07","guid":{"rendered":"https:\/\/karlsruhe.wordcamp.org\/2024\/schedule\/"},"modified":"2024-09-06T15:59:45","modified_gmt":"2024-09-06T13:59:45","slug":"schedule","status":"publish","type":"page","link":"https:\/\/karlsruhe.wordcamp.org\/2024\/schedule\/","title":{"rendered":"Zeitplan (Schedule)"},"content":{"rendered":"\n<h2 class=\"wp-block-heading\">Der Zeitplan f\u00fcr das WordCamp Karlsruhe 2024<\/h2>\n\n\n\n<p class=\"wp-block-paragraph\"><strong>Track 1<\/strong>: Im ersten Track werden grundlegende Themen behandelt, die ideal f\u00fcr diejenigen sind, die gerade erst mit WordPress beginnen oder ihre Kenntnisse vertiefen m\u00f6chten.<\/p>\n\n\n\n<p class=\"wp-block-paragraph\"><strong>Track 2<\/strong>: Der zweite Track bietet tiefgehende Einblicke in fortgeschrittene Themen.<\/p>\n\n\n\n<p class=\"has-custom-color-1-background-color has-background wp-block-paragraph\"><strong>Achtung<\/strong>: \u00c4nderungen sind zwar grunds\u00e4tzlich m\u00f6glich, aber wir gehen davon eher nicht aus. <br>Der Zeitplan wird mit Ver\u00f6ffentlichung der weiteren Speaker automatisch erg\u00e4nzt. <\/p>\n\n\n\n<div class=\"wp-block-group alignfull has-global-padding is-layout-constrained wp-block-group-is-layout-constrained\">\n<p class=\"has-custom-color-1-background-color has-background wp-block-paragraph\"><strong>Einlass: 8.30 Uhr<\/strong><br><strong>Opening: 9:15 &#8211; 9:25 Uhr<\/strong><\/p>\n<\/div>\n\n\n\n<div class=\"wp-block-group has-global-padding is-layout-constrained wp-block-group-is-layout-constrained\">\n<div\n\tclass=\"wp-block-wordcamp-schedule alignwide is-loading\"\n\t\tdata-attributes=\"{&quot;__isStylesPreview&quot;:false,&quot;align&quot;:&quot;wide&quot;,&quot;chooseSpecificDays&quot;:false,&quot;chosenDays&quot;:[],&quot;chooseSpecificTracks&quot;:false,&quot;chosenTrackIds&quot;:[],&quot;showCategories&quot;:true,&quot;useClientTimezone&quot;:false}\"\n>\n\tWird geladen\u00a0\u2026<\/div>\n\n\n\t<div class=\"email-form fav-session-email-form-hide\">\n\t\t<!-- Tab links -->\n\t\t<div class=\"fav-session-share-tab\">\n\t\t\t\t\t\t\t<div class=\"fav-session-tablinks\" id=\"fav-session-btn-email\">\n\t\t\t\t\tE-Mail\t\t\t\t<\/div>\n\t\t\t\n\t\t\t<div class=\"fav-session-tablinks\" id=\"fav-session-btn-link\">\n\t\t\t\tLink\t\t\t<\/div>\n\n\t\t\t<div class=\"fav-session-tablinks\" id=\"fav-session-btn-print\">\n\t\t\t\tDrucken\t\t\t<\/div>\n\t\t<\/div>\n\n\t\t<!-- Tab content -->\n\t\t\t\t\t<div id=\"fav-session-tab-email\" class=\"fav-session-share-tabcontent\">\n\t\t\t\t<div id=\"fav-session-email-form\">\n\t\t\t\t\tSchicke mir meine bevorzugten Sitzungen:\n\t\t\t\t\t<form id=\"fav-sessions-form\">\n\t\t\t\t\t\t<input\n\t\t\t\t\t\t\ttype=\"text\"\n\t\t\t\t\t\t\tname=\"email_address\"\n\t\t\t\t\t\t\tid=\"fav-sessions-email-address\"\n\t\t\t\t\t\t\tplaceholder=\"me@protonmail.com\"\n\t\t\t\t\t\t\/>\n\t\t\t\t\t\t<input type=\"submit\" value=\"Versenden\" \/>\n\t\t\t\t\t<\/form>\n\t\t\t\t<\/div>\n\n\t\t\t\t<div class=\"fav-session-email-wait-spinner\"><\/div>\n\t\t\t\t<div class=\"fav-session-email-result\"><\/div>\n\t\t\t<\/div>\n\t\t\n\t\t<div id=\"fav-session-tab-link\" class=\"fav-session-share-tabcontent\">\n\t\t\tTeilbarer Link:\t\t\t<br \/>\n\t\t\t<a id=\"fav-sessions-link\" href=\"\"><\/a>\n\t\t<\/div>\n\n\t\t<div id=\"fav-session-tab-print\" class=\"fav-session-share-tabcontent\">\n\t\t\t<button id=\"fav-session-print\">\n\t\t\t\tDrucke favorisierte Sessions\t\t\t<\/button>\n\t\t<\/div>\n\t<\/div>\n\n\t<a class=\"show-email-form\" href=\"javascript:\">\n\t\t<span class=\"dashicons dashicons-star-filled\"><\/span>\n\t\t<span class=\"dashicons dashicons-email-alt\"><\/span>\n\t<\/a>\n\n\t<\/div>\n\n\n\n<div style=\"height:50px\" aria-hidden=\"true\" class=\"wp-block-spacer\"><\/div>\n\n\n\n<div class=\"wp-block-group alignfull has-global-padding is-layout-constrained wp-block-group-is-layout-constrained\">\n<p class=\"has-custom-color-1-background-color has-background wp-block-paragraph\"><strong>Closing: 17.10 &#8211; 17:30 Uhr<\/strong><\/p>\n<\/div>\n","protected":false},"excerpt":{"rendered":"<p>Der Zeitplan f\u00fcr das WordCamp Karlsruhe 2024 Track 1: Im ersten Track werden grundlegende Themen behandelt, die ideal f\u00fcr diejenigen sind, die gerade erst mit WordPress beginnen oder ihre Kenntnisse vertiefen m\u00f6chten. Track 2: Der zweite Track bietet tiefgehende Einblicke in fortgeschrittene Themen. Achtung: \u00c4nderungen sind zwar grunds\u00e4tzlich m\u00f6glich, aber wir gehen davon eher nicht [&hellip;]<\/p>\n","protected":false},"author":14745577,"featured_media":0,"parent":0,"menu_order":0,"comment_status":"closed","ping_status":"closed","template":"","meta":{"_crdt_document":"","footnotes":""},"class_list":["post-7","page","type-page","status-publish","hentry"],"jetpack_sharing_enabled":true,"_links":{"self":[{"href":"https:\/\/karlsruhe.wordcamp.org\/2024\/wp-json\/wp\/v2\/pages\/7","targetHints":{"allow":["GET"]}}],"collection":[{"href":"https:\/\/karlsruhe.wordcamp.org\/2024\/wp-json\/wp\/v2\/pages"}],"about":[{"href":"https:\/\/karlsruhe.wordcamp.org\/2024\/wp-json\/wp\/v2\/types\/page"}],"author":[{"embeddable":true,"href":"https:\/\/karlsruhe.wordcamp.org\/2024\/wp-json\/wp\/v2\/users\/14745577"}],"replies":[{"embeddable":true,"href":"https:\/\/karlsruhe.wordcamp.org\/2024\/wp-json\/wp\/v2\/comments?post=7"}],"version-history":[{"count":9,"href":"https:\/\/karlsruhe.wordcamp.org\/2024\/wp-json\/wp\/v2\/pages\/7\/revisions"}],"predecessor-version":[{"id":3128,"href":"https:\/\/karlsruhe.wordcamp.org\/2024\/wp-json\/wp\/v2\/pages\/7\/revisions\/3128"}],"wp:attachment":[{"href":"https:\/\/karlsruhe.wordcamp.org\/2024\/wp-json\/wp\/v2\/media?parent=7"}],"curies":[{"name":"wp","href":"https:\/\/api.w.org\/{rel}","templated":true}]}}